{"id":4821,"date":"2021-01-26T15:19:28","date_gmt":"2021-01-26T13:19:28","guid":{"rendered":"https:\/\/www.wilmkebreek.nl\/?page_id=4821"},"modified":"2024-08-14T14:54:46","modified_gmt":"2024-08-14T12:54:46","slug":"landschapskaart-noord","status":"publish","type":"page","link":"https:\/\/www.wilmkebreek.nl\/index.php\/landschapskaart-noord\/","title":{"rendered":"Integrale Landschapskaart Noord"},"content":{"rendered":"\n<p>In de eerste helft van 2020 heeft Amsterdam-Noord een \u2018Integrale Landschapskaart\u2019 opgesteld. De kaart biedt volgens het stadsdeel Noord \u201ceen afwegingskader voor ruimtelijke plannen in de komende jaren, toont de kansen voor versterking, en maakt duidelijk welke kwaliteiten en gebieden waard zijn om te behouden\u201d. De Integrale Landschapskaart is gebaseerd op vier onderliggende structuurkaarten: Landschap, Groen en ecologie, Water, en Gebruik van de ruimte.<\/p>\n\n\n\n<p>De Vereniging tot Behoud van de Wilmkebreekpolder heeft in februari 2020 een inspraakreactie ingediend (klik op <a href=\"https:\/\/www.wilmkebreek.nl\/grotedoc\/Inspraakreactie Landschapskaart.pdf\" data-type=\"URL\" data-id=\"https:\/\/www.wilmkebreek.nl\/grotedoc\/Inspraakreactie Landschapskaart.pdf\"><strong>inspraakreactie<\/strong><\/a> om in te zien). Na beoordeling van alle ingediende inspraakreacties heeft het bestuur van Stadsdeel Noord in juni 2020 de definitieve versie van de \u2018Integrale Landschapskaart\u2019 vastgesteld. De kaart (klik op <a href=\"https:\/\/www.wilmkebreek.nl\/grotedoc\/Landschapskaart Noord.pdf\" data-type=\"URL\"><strong>Landschapskaart<\/strong><\/a>) zal, volgens de schrijvers, input vormen bij het opstellen van de \u2018Groenvisie 2020-2050\u2019 (zie pagina <a href=\"https:\/\/www.wilmkebreek.nl\/index.php\/groenvisie-2050\/\"><strong>Groenvisie<\/strong><\/a>) alsook voor de \u2018Omgevingsvisie Amsterdam 2050\u2019 (zie pagina <a href=\"https:\/\/www.wilmkebreek.nl\/index.php\/omgevingsvisie-amsterdam-2050\/\"><strong>Omgevingsvisie<\/strong><\/a>).<\/p>\n\n\n\n<p>Citaat: \u201cStadsdeel Noord is trots op de aanwezige oude dijken, polders, breken, sluizen, woonlinten, historische kernen, kerken, en waterlopen. De karakteristieken verschaffen Noord context, herkenbaarheid en identiteit.\u201d Beleidsvoornemen van Stadsdeel Noord is om de van oudsher in Noord aanwezige landschappelijke structuren te behouden en te versterken. Met name zijn dat:<\/p>\n\n\n\n<ul class=\"wp-block-list\">\n<li>de Waterlandse Zeedijk met aanliggende parken en waterstructuren<\/li>\n\n\n\n<li>de zone langs het Noordhollandsch Kanaal (ontwikkelen tot landschapspark tussen IJ en Waterland)<\/li>\n\n\n\n<li>de noordelijke IJ-oever (ontwikkelen tot IJ-oeverpark)<\/li>\n\n\n\n<li>Landelijk Noord en de oude polders met bedijkingen (de landschappelijke karakteristieken behouden en versterken)<\/li>\n<\/ul>\n\n\n\n<p>Op onderstaande kaart zijn genoemde structuren aangegeven. De Wilmkebreekpolder en alle andere drooggemalen polders (zoals de Buikslotermeerpolder) zijn met een dikke lijn die de dijkring aangeeft, omgeven.<\/p>\n\n\n<div class=\"wp-block-image is-resized is-style-default\">\n<figure class=\"aligncenter size-large\"><a href=\"https:\/\/www.wilmkebreek.nl\/wp-content\/uploads\/2021\/01\/afbeelding-16.png\"><img loading=\"lazy\" decoding=\"async\" width=\"1024\" height=\"496\" src=\"https:\/\/www.wilmkebreek.nl\/wp-content\/uploads\/2021\/01\/afbeelding-16-1024x496.png\" alt=\"\" class=\"wp-image-4829\" srcset=\"https:\/\/www.wilmkebreek.nl\/wp-content\/uploads\/2021\/01\/afbeelding-16-1024x496.png 1024w, https:\/\/www.wilmkebreek.nl\/wp-content\/uploads\/2021\/01\/afbeelding-16-300x145.png 300w, https:\/\/www.wilmkebreek.nl\/wp-content\/uploads\/2021\/01\/afbeelding-16-1070x518.png 1070w, https:\/\/www.wilmkebreek.nl\/wp-content\/uploads\/2021\/01\/afbeelding-16.png 1508w\" sizes=\"auto, (max-width: 1024px) 100vw, 1024px\" \/><\/a><figcaption class=\"wp-element-caption\">Uit: Integrale Landschapskaart Amsterdam-Noord (juni 2020)<\/figcaption><\/figure>\n<\/div>\n\n\n<p>Over de Waterlandse Zeedijk zegt Stadsdeel Noord: \u201cDe Waterlandse Zeedijk is \u00e9\u00e9n van de belangrijkste cultuurhistorische relicten in Amsterdam-Noord. De dijk brengt de groenstructuren bij elkaar. De ambitie is om de Waterlandse Zeedijk daar waar nodig te helen volgens de landschappelijke principes\u201d. Het Stadsdeel Noord ziet als opgave om: \u201cDe Waterlandse Zeedijk weer in te richten als \u00e9\u00e9n herkenbaar geheel; \u00e9\u00e9n doorgaande route (in ieder geval voor langzaam verkeer) met een eenvormig profiel (ook bij autogebruik) van gebakken klinkerverharding, dijkwoningen, en een dijklichaam met grastalud en iepen.\u201d In het rapport wordt voorgesteld om de Waterlandse Zeedijk als dijkpark toe te voegen aan de Hoofdgroenstructuur van Amsterdam. Dit alles geldt dus ook voor het deel van de dijk dat grenst aan de Wilmkebreekpolder.<\/p>\n\n\n\n<p>Over de Wilmkebreekpolder wordt gezegd: \u201cDe Wilmkebreekpolder is een rustgebied voor weidevogels. Het is een voor weidevogels unieke locatie doordat het niet openbaar toegankelijk is voor de mens. Dit dient behouden te blijven.\u201d Prima dus deze beleidswens. Maar wel jammer dat de omschrijving wat te beperkt is: de polder is niet alleen een rustgebied, maar ook een foerageer- en broedgebied en een overwinteringsgebied voor tal van vogelsoorten.<\/p>\n\n\n\n<p>Stadsdeel Noord wil ook een onderzoek doen naar de mogelijkheden om de vroegere Oostzaner Overtoom (een schutsluis aan het einde van Zijkanaal I) in ere te herstellen. Wat ons betreft zou dat een stroomsluis moeten zijn, geen scheepvaartsluis. Zo\u2019n stroomsluis kan dienen als ecologische verbinding tussen Zijkanaal I en het recreatiegebied \u2018het Twiske\u2019, een schutsluis voor schepen geeft veel verstoring in het water en zorgt mogelijk voor overlast voor de buurtbewoners die aan de Twisk wonen.<\/p>\n\n\n\n<p>Stadsdeel Noord wil werken aan het versterken en zo mogelijk uitbreiden van groengebieden en het cre\u00ebren van ecologische verbindingen. Wij zien voor de Wilmkebreekpolder als raakvlakken: het versterken en verhogen van de natuurwaarden van de polder en het realiseren van ecologische (water)verbindingen met de omgeving (Zijkanaal I, de Twisk, de Kadoelerbreek, Waterland).<\/p>\n","protected":false},"excerpt":{"rendered":"<p>In de eerste helft van 2020 heeft Amsterdam-Noord een \u2018Integrale Landschapskaart\u2019 opgesteld. De kaart biedt volgens het stadsdeel Noord \u201ceen afwegingskader voor ruimtelijke plannen in de komende jaren, toont de kansen voor versterking, en maakt duidelijk welke kwaliteiten en gebieden waard zijn om te behouden\u201d. De Integrale Landschapskaart is gebaseerd op vier onderliggende structuurkaarten: Landschap, &hellip; <\/p>\n<p><a class=\"more-link btn\" href=\"https:\/\/www.wilmkebreek.nl\/index.php\/landschapskaart-noord\/\">Lees verder<\/a><\/p>\n","protected":false},"author":29,"featured_media":0,"parent":0,"menu_order":0,"comment_status":"closed","ping_status":"closed","template":"","meta":{"ngg_post_thumbnail":0,"footnotes":""},"class_list":["post-4821","page","type-page","status-publish","hentry","nodate","item-wrap"],"_links":{"self":[{"href":"https:\/\/www.wilmkebreek.nl\/index.php\/wp-json\/wp\/v2\/pages\/4821","targetHints":{"allow":["GET"]}}],"collection":[{"href":"https:\/\/www.wilmkebreek.nl\/index.php\/wp-json\/wp\/v2\/pages"}],"about":[{"href":"https:\/\/www.wilmkebreek.nl\/index.php\/wp-json\/wp\/v2\/types\/page"}],"author":[{"embeddable":true,"href":"https:\/\/www.wilmkebreek.nl\/index.php\/wp-json\/wp\/v2\/users\/29"}],"replies":[{"embeddable":true,"href":"https:\/\/www.wilmkebreek.nl\/index.php\/wp-json\/wp\/v2\/comments?post=4821"}],"version-history":[{"count":23,"href":"https:\/\/www.wilmkebreek.nl\/index.php\/wp-json\/wp\/v2\/pages\/4821\/revisions"}],"predecessor-version":[{"id":8393,"href":"https:\/\/www.wilmkebreek.nl\/index.php\/wp-json\/wp\/v2\/pages\/4821\/revisions\/8393"}],"wp:attachment":[{"href":"https:\/\/www.wilmkebreek.nl\/index.php\/wp-json\/wp\/v2\/media?parent=4821"}],"curies":[{"name":"wp","href":"https:\/\/api.w.org\/{rel}","templated":true}]}}